{"id":1771,"date":"2017-11-27T19:07:06","date_gmt":"2017-11-27T18:07:06","guid":{"rendered":"http:\/\/belenzotano.com\/bz\/?post_type=product&#038;p=1771"},"modified":"2024-02-17T00:07:22","modified_gmt":"2024-02-16T23:07:22","slug":"belen-zotano-banadores-cupcakes-boxer","status":"publish","type":"product","link":"https:\/\/belenzotano.com\/bz\/producto\/belen-zotano-banadores-cupcakes-boxer\/","title":{"rendered":"Boxer Ni\u00f1o Lunares"},"content":{"rendered":"<p>Boxer\u00a0ni\u00f1o\u00a0de\u00a0Lunares\u00a0de la Colecci\u00f3n Cupcakes.<\/p>\n<p>Todos nuestros ba\u00f1adores est\u00e1n confeccionados\u00a0artesanalmente en Espa\u00f1a.<\/p>\n<p>Cuidamos hasta el m\u00e1s m\u00ednimo detalle, haciendo de su Calidad y Dise\u00f1o sean \u00fanicos en el mercado.<\/p>\n<p>Las tallas se corresponden con las edades.<\/p>\n<p>Si quieres que te asesoremos con tallas, o cualquier otra consulta, escr\u00edbenos y te ayudaremos.<\/p>\n<p>&nbsp;<\/p>\n<p>COMPOSICI\u00d3N:<\/p>\n<p>90% Poliamida 10% Elast\u00e1n.<\/p>\n","protected":false},"excerpt":{"rendered":"<p>Boxer\u00a0ni\u00f1o Lunares\u00a0Colecci\u00f3n Cupcakes.<\/p>\n","protected":false},"featured_media":1714,"comment_status":"open","ping_status":"closed","template":"","meta":{"_joinchat":[]},"product_brand":[],"product_cat":[26,43,45,49,293],"product_tag":[511,252,254,255,253,268,267,111],"class_list":{"0":"post-1771","1":"product","2":"type-product","3":"status-publish","4":"has-post-thumbnail","6":"product_cat-tienda-bano","7":"product_cat-banadores-para-ninos-belen-zotano","8":"product_cat-outlet-banadores-belen-zotano","9":"product_cat-coleccion-cupcakes-belen-zotano","10":"product_cat-banadores-ninos","11":"product_tag-banador-nino","12":"product_tag-banadores","13":"product_tag-banadores-iguales","14":"product_tag-banadores-nino-nina","15":"product_tag-banadores-para-toda-la-familia","16":"product_tag-boxer-bebe","17":"product_tag-boxer-nino","18":"product_tag-zotano","19":"pa_tallas-banadores-448","20":"pa_tallas-banadores-449","21":"pa_tallas-banadores-450","22":"pa_tallas-banadores-451","23":"pa_tallas-banadores-452","25":"first","26":"instock","27":"sale","28":"taxable","29":"shipping-taxable","30":"purchasable","31":"product-type-variable"},"_links":{"self":[{"href":"https:\/\/belenzotano.com\/bz\/wp-json\/wp\/v2\/product\/1771","targetHints":{"allow":["GET"]}}],"collection":[{"href":"https:\/\/belenzotano.com\/bz\/wp-json\/wp\/v2\/product"}],"about":[{"href":"https:\/\/belenzotano.com\/bz\/wp-json\/wp\/v2\/types\/product"}],"replies":[{"embeddable":true,"href":"https:\/\/belenzotano.com\/bz\/wp-json\/wp\/v2\/comments?post=1771"}],"wp:featuredmedia":[{"embeddable":true,"href":"https:\/\/belenzotano.com\/bz\/wp-json\/wp\/v2\/media\/1714"}],"wp:attachment":[{"href":"https:\/\/belenzotano.com\/bz\/wp-json\/wp\/v2\/media?parent=1771"}],"wp:term":[{"taxonomy":"product_brand","embeddable":true,"href":"https:\/\/belenzotano.com\/bz\/wp-json\/wp\/v2\/product_brand?post=1771"},{"taxonomy":"product_cat","embeddable":true,"href":"https:\/\/belenzotano.com\/bz\/wp-json\/wp\/v2\/product_cat?post=1771"},{"taxonomy":"product_tag","embeddable":true,"href":"https:\/\/belenzotano.com\/bz\/wp-json\/wp\/v2\/product_tag?post=1771"}],"curies":[{"name":"wp","href":"https:\/\/api.w.org\/{rel}","templated":true}]}}