{"id":1757,"date":"2017-11-27T18:21:04","date_gmt":"2017-11-27T17:21:04","guid":{"rendered":"http:\/\/belenzotano.com\/bz\/?post_type=product&#038;p=1757"},"modified":"2025-08-21T12:14:22","modified_gmt":"2025-08-21T10:14:22","slug":"belen-zotano-banador-nina","status":"publish","type":"product","link":"https:\/\/belenzotano.com\/bz\/producto\/belen-zotano-banador-nina\/","title":{"rendered":"Ba\u00f1ador Ni\u00f1a Cupcakes"},"content":{"rendered":"<p>Ba\u00f1ador\u00a0ni\u00f1a con volantes y Forro delantero interior, de la Colecci\u00f3n Cupcakes.<\/p>\n<p>Combina el tejido Cupcakes y el trasero es de\u00a0color\u00a0Rosa Chicle.<\/p>\n<p>Todos nuestros ba\u00f1adores est\u00e1n confeccionados\u00a0artesanalmente en Espa\u00f1a.<\/p>\n<p>Cuidamos hasta el m\u00e1s m\u00ednimo detalle, haciendo de su Calidad y Dise\u00f1o sean \u00fanicos en el mercado.<\/p>\n<p>Las tallas se corresponden con las edades.<\/p>\n<p>Si quieres que te asesoremos con tallas, o cualquier otra consulta, escr\u00edbenos y te ayudaremos.<\/p>\n<p>&nbsp;<\/p>\n<p>COMPOSICI\u00d3N:<\/p>\n<p>80% Poliamida 20% Elast\u00e1n.<\/p>\n","protected":false},"excerpt":{"rendered":"<p>Ba\u00f1ador\u00a0ni\u00f1a Colecci\u00f3n Cupcakes.<\/p>\n","protected":false},"featured_media":1707,"comment_status":"open","ping_status":"closed","template":"","meta":{"_joinchat":[]},"product_brand":[],"product_cat":[464,26,44,45,49,294],"product_tag":[256,252,257,255,253,110],"class_list":{"0":"post-1757","1":"product","2":"type-product","3":"status-publish","4":"has-post-thumbnail","6":"product_cat-bano-nina","7":"product_cat-tienda-bano","8":"product_cat-bikinis-para-ninas-belen-zotano","9":"product_cat-outlet-banadores-belen-zotano","10":"product_cat-coleccion-cupcakes-belen-zotano","11":"product_cat-bikinis-banadores-ninas","12":"product_tag-banador-nina","13":"product_tag-banadores","14":"product_tag-banadores-malaga","15":"product_tag-banadores-nino-nina","16":"product_tag-banadores-para-toda-la-familia","17":"product_tag-belen","18":"pa_tallas-ninos-261","19":"pa_tallas-ninos-260","20":"pa_tallas-ninos-259","22":"first","23":"instock","24":"sale","25":"taxable","26":"shipping-taxable","27":"purchasable","28":"product-type-variable"},"_links":{"self":[{"href":"https:\/\/belenzotano.com\/bz\/wp-json\/wp\/v2\/product\/1757","targetHints":{"allow":["GET"]}}],"collection":[{"href":"https:\/\/belenzotano.com\/bz\/wp-json\/wp\/v2\/product"}],"about":[{"href":"https:\/\/belenzotano.com\/bz\/wp-json\/wp\/v2\/types\/product"}],"replies":[{"embeddable":true,"href":"https:\/\/belenzotano.com\/bz\/wp-json\/wp\/v2\/comments?post=1757"}],"wp:featuredmedia":[{"embeddable":true,"href":"https:\/\/belenzotano.com\/bz\/wp-json\/wp\/v2\/media\/1707"}],"wp:attachment":[{"href":"https:\/\/belenzotano.com\/bz\/wp-json\/wp\/v2\/media?parent=1757"}],"wp:term":[{"taxonomy":"product_brand","embeddable":true,"href":"https:\/\/belenzotano.com\/bz\/wp-json\/wp\/v2\/product_brand?post=1757"},{"taxonomy":"product_cat","embeddable":true,"href":"https:\/\/belenzotano.com\/bz\/wp-json\/wp\/v2\/product_cat?post=1757"},{"taxonomy":"product_tag","embeddable":true,"href":"https:\/\/belenzotano.com\/bz\/wp-json\/wp\/v2\/product_tag?post=1757"}],"curies":[{"name":"wp","href":"https:\/\/api.w.org\/{rel}","templated":true}]}}