{"id":1684,"date":"2017-11-22T17:51:58","date_gmt":"2017-11-22T16:51:58","guid":{"rendered":"http:\/\/belenzotano.com\/bz\/?post_type=product&#038;p=1684"},"modified":"2017-11-22T17:53:42","modified_gmt":"2017-11-22T16:53:42","slug":"belen-zotano-cinturon-guipour-champan","status":"publish","type":"product","link":"https:\/\/belenzotano.com\/bz\/producto\/belen-zotano-cinturon-guipour-champan\/","title":{"rendered":"Cintur\u00f3n Novia Champ\u00e1n"},"content":{"rendered":"<p>Cintur\u00f3n de Guipur color Champ\u00e1n, con Cristales Swarovski.<\/p>\n<p>Todos los Cinturones\u00a0de Novias, est\u00e1n realizados artesanalmente con los mejores materiales: Perlas, Swarovski,\u00a0Plumas, Guipur\u00a0&#8230;&#8230;<\/p>\n<p>Si tu vestido es Sencillo y quieres darle un toque sofisticado, es perfecto para ti.<\/p>\n<p>Si quieres que te asesoremos sin ning\u00fan compromiso, no\u00a0lo\u00a0dudes, escr\u00edbenos y te ayudaremos.<\/p>\n<p>&nbsp;<\/p>\n","protected":false},"excerpt":{"rendered":"<p>Cintur\u00f3n de Guipur con Cristales Swarovski.<\/p>\n<p><!-- x-tinymce\/html --><a href=\"http:\/\/belenzotano.com\/bz\/gama-color-cristal\/\"><br \/>\n<\/a><\/p>\n","protected":false},"featured_media":1639,"comment_status":"open","ping_status":"closed","template":"","meta":{"_joinchat":[]},"product_brand":[],"product_cat":[31,40],"product_tag":[120,168,240,239,176,237,206,238,207,211,115,229,232,230,235,236,233,231,111],"class_list":{"0":"post-1684","1":"product","2":"type-product","3":"status-publish","4":"has-post-thumbnail","6":"product_cat-complementos-belen-zotano","7":"product_cat-coleccion-novias-belen-zotano","8":"product_tag-artesanal","9":"product_tag-belen-zotano","10":"product_tag-cinturon-novia","11":"product_tag-cinturones-novia","12":"product_tag-novias-malaga","13":"product_tag-peina-novia","14":"product_tag-peinas","15":"product_tag-peinas-nacar","16":"product_tag-peinas-novias","17":"product_tag-peinas-swarovski","18":"product_tag-swarovski","19":"product_tag-tocado","20":"product_tag-tocado-novia","21":"product_tag-tocados","22":"product_tag-tocados-artesanales","23":"product_tag-tocados-joya","24":"product_tag-tocados-malaga","25":"product_tag-tocados-novias","26":"product_tag-zotano","27":"pa_color-base-acetato-marfil-veteado","28":"pa_color-base-acetato-negro","29":"pa_color-cristal-amethyst","30":"pa_color-cristal-aquabohemica","31":"pa_color-cristal-aquabohemicaw","32":"pa_color-cristal-bluezircon","33":"pa_color-cristal-capriblue","34":"pa_color-cristal-chrysolite","35":"pa_color-cristal-cristal","36":"pa_color-cristal-cristalab","37":"pa_color-cristal-cristalapricot","38":"pa_color-cristal-esmerald","39":"pa_color-cristal-fuchsia","40":"pa_color-cristal-greenturmaline","41":"pa_color-cristal-hyathinth","42":"pa_color-cristal-itcoltopaz","43":"pa_color-cristal-jet","44":"pa_color-cristal-jonquie","45":"pa_color-cristal-lightamethyst","46":"pa_color-cristal-lightrose","47":"pa_color-cristal-lightsiam","48":"pa_color-cristal-olivine","49":"pa_color-cristal-peridot","50":"pa_color-cristal-rose","51":"pa_color-cristal-siam","52":"pa_color-cristal-smokedtopaz","53":"pa_color-cristal-tanzanite","54":"pa_color-cristal-topaz","55":"pa_color-cristal-violett","56":"pa_color-fornitura-oro-viejo","57":"pa_color-fornitura-plata-vieja","59":"first","60":"instock","61":"taxable","62":"shipping-taxable","63":"purchasable","64":"product-type-simple"},"_links":{"self":[{"href":"https:\/\/belenzotano.com\/bz\/wp-json\/wp\/v2\/product\/1684","targetHints":{"allow":["GET"]}}],"collection":[{"href":"https:\/\/belenzotano.com\/bz\/wp-json\/wp\/v2\/product"}],"about":[{"href":"https:\/\/belenzotano.com\/bz\/wp-json\/wp\/v2\/types\/product"}],"replies":[{"embeddable":true,"href":"https:\/\/belenzotano.com\/bz\/wp-json\/wp\/v2\/comments?post=1684"}],"wp:featuredmedia":[{"embeddable":true,"href":"https:\/\/belenzotano.com\/bz\/wp-json\/wp\/v2\/media\/1639"}],"wp:attachment":[{"href":"https:\/\/belenzotano.com\/bz\/wp-json\/wp\/v2\/media?parent=1684"}],"wp:term":[{"taxonomy":"product_brand","embeddable":true,"href":"https:\/\/belenzotano.com\/bz\/wp-json\/wp\/v2\/product_brand?post=1684"},{"taxonomy":"product_cat","embeddable":true,"href":"https:\/\/belenzotano.com\/bz\/wp-json\/wp\/v2\/product_cat?post=1684"},{"taxonomy":"product_tag","embeddable":true,"href":"https:\/\/belenzotano.com\/bz\/wp-json\/wp\/v2\/product_tag?post=1684"}],"curies":[{"name":"wp","href":"https:\/\/api.w.org\/{rel}","templated":true}]}}