{"id":1673,"date":"2017-11-20T19:08:10","date_gmt":"2017-11-20T18:08:10","guid":{"rendered":"http:\/\/belenzotano.com\/bz\/?post_type=product&#038;p=1673"},"modified":"2017-11-20T21:30:49","modified_gmt":"2017-11-20T20:30:49","slug":"belen-zotano-tocado-tupis-swarovski-malaga-tocado-joya","status":"publish","type":"product","link":"https:\/\/belenzotano.com\/bz\/producto\/belen-zotano-tocado-tupis-swarovski-malaga-tocado-joya\/","title":{"rendered":"Tocado Tupis Swarovski"},"content":{"rendered":"<p>Tocado\u00a0Novia Tupis de Swarovski.<\/p>\n<p>Este Tocado se realiza en el tama\u00f1o que m\u00e1s se adecue a tu peinado, el precio var\u00eda seg\u00fan tama\u00f1o.<\/p>\n<p>Todos los Tocados son\u00a0realizados artesanalmente con los mejores materiales: Perlas, Swarovski, Tupis, Guipur&#8230;..<\/p>\n<p>Si quieres que te asesoremos sin ning\u00fan compromiso, no\u00a0lo\u00a0dudes, escr\u00edbenos y te ayudaremos.<\/p>\n<p>&nbsp;<\/p>\n","protected":false},"excerpt":{"rendered":"<p>Tocado Novia de Tupis de Swarovski.<\/p>\n<p><!-- x-tinymce\/html --><a href=\"http:\/\/belenzotano.com\/bz\/gama-color-cristal\/\"><br \/>\n<\/a><\/p>\n","protected":false},"featured_media":1659,"comment_status":"open","ping_status":"closed","template":"","meta":{"_joinchat":[]},"product_brand":[],"product_cat":[31,35],"product_tag":[120,168,176,115,229,232,230,235,233,231,234,111],"class_list":{"0":"post-1673","1":"product","2":"type-product","3":"status-publish","4":"has-post-thumbnail","6":"product_cat-complementos-belen-zotano","7":"product_cat-tocados-belen-zotano","8":"product_tag-artesanal","9":"product_tag-belen-zotano","10":"product_tag-novias-malaga","11":"product_tag-swarovski","12":"product_tag-tocado","13":"product_tag-tocado-novia","14":"product_tag-tocados","15":"product_tag-tocados-artesanales","16":"product_tag-tocados-malaga","17":"product_tag-tocados-novias","18":"product_tag-tocaods-joya","19":"product_tag-zotano","20":"pa_color-base-acetato-marfil-veteado","21":"pa_color-base-acetato-negro","22":"pa_color-cristal-amethyst","23":"pa_color-cristal-aquabohemica","24":"pa_color-cristal-aquabohemicaw","25":"pa_color-cristal-bluezircon","26":"pa_color-cristal-capriblue","27":"pa_color-cristal-chrysolite","28":"pa_color-cristal-cristal","29":"pa_color-cristal-cristalab","30":"pa_color-cristal-cristalapricot","31":"pa_color-cristal-esmerald","32":"pa_color-cristal-fuchsia","33":"pa_color-cristal-greenturmaline","34":"pa_color-cristal-hyathinth","35":"pa_color-cristal-itcoltopaz","36":"pa_color-cristal-jet","37":"pa_color-cristal-jonquie","38":"pa_color-cristal-lightamethyst","39":"pa_color-cristal-lightrose","40":"pa_color-cristal-lightsiam","41":"pa_color-cristal-olivine","42":"pa_color-cristal-peridot","43":"pa_color-cristal-rose","44":"pa_color-cristal-siam","45":"pa_color-cristal-smokedtopaz","46":"pa_color-cristal-tanzanite","47":"pa_color-cristal-topaz","48":"pa_color-cristal-violett","49":"pa_color-fornitura-oro-viejo","50":"pa_color-fornitura-plata-vieja","52":"first","53":"instock","54":"taxable","55":"shipping-taxable","56":"purchasable","57":"product-type-simple"},"_links":{"self":[{"href":"https:\/\/belenzotano.com\/bz\/wp-json\/wp\/v2\/product\/1673","targetHints":{"allow":["GET"]}}],"collection":[{"href":"https:\/\/belenzotano.com\/bz\/wp-json\/wp\/v2\/product"}],"about":[{"href":"https:\/\/belenzotano.com\/bz\/wp-json\/wp\/v2\/types\/product"}],"replies":[{"embeddable":true,"href":"https:\/\/belenzotano.com\/bz\/wp-json\/wp\/v2\/comments?post=1673"}],"wp:featuredmedia":[{"embeddable":true,"href":"https:\/\/belenzotano.com\/bz\/wp-json\/wp\/v2\/media\/1659"}],"wp:attachment":[{"href":"https:\/\/belenzotano.com\/bz\/wp-json\/wp\/v2\/media?parent=1673"}],"wp:term":[{"taxonomy":"product_brand","embeddable":true,"href":"https:\/\/belenzotano.com\/bz\/wp-json\/wp\/v2\/product_brand?post=1673"},{"taxonomy":"product_cat","embeddable":true,"href":"https:\/\/belenzotano.com\/bz\/wp-json\/wp\/v2\/product_cat?post=1673"},{"taxonomy":"product_tag","embeddable":true,"href":"https:\/\/belenzotano.com\/bz\/wp-json\/wp\/v2\/product_tag?post=1673"}],"curies":[{"name":"wp","href":"https:\/\/api.w.org\/{rel}","templated":true}]}}