{"id":10062,"date":"2025-05-05T18:04:51","date_gmt":"2025-05-05T16:04:51","guid":{"rendered":"https:\/\/belenzotano.com\/bz\/?post_type=product&#038;p=10062"},"modified":"2026-02-27T12:01:00","modified_gmt":"2026-02-27T11:01:00","slug":"bikini-mujer-tropico","status":"publish","type":"product","link":"https:\/\/belenzotano.com\/bz\/producto\/bikini-mujer-tropico\/","title":{"rendered":"Bikini Mujer Tr\u00f3pico"},"content":{"rendered":"<p>Original Bikini Completo Colecci\u00f3n Tr\u00f3pico.<\/p>\n<p>Top de licra en estampado Tr\u00f3pico con tirantas ancha combinadas en Rosa Fl\u00faor, Naranja Y verde Esmeralda con<br \/>\n Relleno Extraible.<\/p>\n<p>Braga Brasile\u00f1a reversible en estampado Tr\u00f3pico y Naranja.<\/p>\n<p>Todos nuestros ba\u00f1adores est\u00e1n confeccionados artesanalmente en Espa\u00f1a.<\/p>\n<p>Cuidamos hasta el m\u00e1s m\u00ednimo detalle, haciendo de su Calidad y Dise\u00f1o sean \u00fanicos en el mercado.<\/p>\n<p>Si quieres que te asesoremos con tallas, o cualquier otra consulta, escr\u00edbenos y te ayudaremos.<\/p>\n<p>COMPOSICI\u00d3N:<\/p>\n<p>90% PA 10% EA<\/p>\n<p>LAVADO: A mano.<\/p>\n<p>&nbsp;<\/p>\n","protected":false},"excerpt":{"rendered":"<p>Bikini Colecci\u00f3n Tr\u00f3pico.<\/p>\n","protected":false},"featured_media":10075,"comment_status":"open","ping_status":"closed","template":"","meta":{"_joinchat":[]},"product_brand":[],"product_cat":[569,26,79],"product_tag":[253,349,346,274,161,354,126],"class_list":{"0":"post-10062","1":"product","2":"type-product","3":"status-publish","4":"has-post-thumbnail","6":"product_cat-coleccion-tropico","7":"product_cat-tienda-bano","8":"product_cat-bikinis-mujer-banadores","9":"product_tag-banadores-para-toda-la-familia","10":"product_tag-bikini","11":"product_tag-bikini-mujer-original-exclusivo-para-toda-la-familia","12":"product_tag-bikinis-mujer","13":"product_tag-exclusivo","14":"product_tag-mujer","15":"product_tag-original","16":"pa_coleccion-coleccion-tropico","17":"pa_tallas-banadores-m","18":"pa_tallas-banadores-s","20":"first","21":"instock","22":"taxable","23":"shipping-taxable","24":"purchasable","25":"product-type-variable"},"_links":{"self":[{"href":"https:\/\/belenzotano.com\/bz\/wp-json\/wp\/v2\/product\/10062","targetHints":{"allow":["GET"]}}],"collection":[{"href":"https:\/\/belenzotano.com\/bz\/wp-json\/wp\/v2\/product"}],"about":[{"href":"https:\/\/belenzotano.com\/bz\/wp-json\/wp\/v2\/types\/product"}],"replies":[{"embeddable":true,"href":"https:\/\/belenzotano.com\/bz\/wp-json\/wp\/v2\/comments?post=10062"}],"wp:featuredmedia":[{"embeddable":true,"href":"https:\/\/belenzotano.com\/bz\/wp-json\/wp\/v2\/media\/10075"}],"wp:attachment":[{"href":"https:\/\/belenzotano.com\/bz\/wp-json\/wp\/v2\/media?parent=10062"}],"wp:term":[{"taxonomy":"product_brand","embeddable":true,"href":"https:\/\/belenzotano.com\/bz\/wp-json\/wp\/v2\/product_brand?post=10062"},{"taxonomy":"product_cat","embeddable":true,"href":"https:\/\/belenzotano.com\/bz\/wp-json\/wp\/v2\/product_cat?post=10062"},{"taxonomy":"product_tag","embeddable":true,"href":"https:\/\/belenzotano.com\/bz\/wp-json\/wp\/v2\/product_tag?post=10062"}],"curies":[{"name":"wp","href":"https:\/\/api.w.org\/{rel}","templated":true}]}}