{"id":10004,"date":"2025-05-05T17:44:40","date_gmt":"2025-05-05T15:44:40","guid":{"rendered":"https:\/\/belenzotano.com\/bz\/?post_type=product&#038;p=10004"},"modified":"2025-05-26T13:28:22","modified_gmt":"2025-05-26T11:28:22","slug":"boxer-nino-tropico","status":"publish","type":"product","link":"https:\/\/belenzotano.com\/bz\/producto\/boxer-nino-tropico\/","title":{"rendered":"Boxer Ni\u00f1o Tr\u00f3pico"},"content":{"rendered":"<p>Boxer ni\u00f1o Colecci\u00f3n Tr\u00f3pico.<\/p>\n<p>Boxer estampado Tr\u00f3pico cintura en Verde Esmeralda.<\/p>\n<p>Esta Colecci\u00f3n la tenemos para toda la Familia.<\/p>\n<p>Todos nuestros ba\u00f1adores est\u00e1n confeccionados artesanalmente en Espa\u00f1a.<\/p>\n<p>Cuidamos hasta el m\u00e1s m\u00ednimo detalle, haciendo de su Calidad y Dise\u00f1o sean \u00fanicos en el mercado.<\/p>\n<p>Si quieres que te asesoremos con tallas, o cualquier otra consulta, escr\u00edbenos y te ayudaremos.<\/p>\n<p>COMPOSICI\u00d3N:<\/p>\n<p>90%PA 10% EA<\/p>\n","protected":false},"excerpt":{"rendered":"<p>Boxer ni\u00f1o Colecci\u00f3n Tr\u00f3pico.<\/p>\n","protected":false},"featured_media":10011,"comment_status":"open","ping_status":"closed","template":"","meta":{"_joinchat":[]},"product_brand":[],"product_cat":[569,26,462,43,463,293,429],"product_tag":[511,551,340],"class_list":{"0":"post-10004","1":"product","2":"type-product","3":"status-publish","4":"has-post-thumbnail","6":"product_cat-coleccion-tropico","7":"product_cat-tienda-bano","8":"product_cat-bano-nino","9":"product_cat-banadores-para-ninos-belen-zotano","10":"product_cat-bano-colecciones","11":"product_cat-banadores-ninos","12":"product_cat-nueva-coleccion","13":"product_tag-banador-nino","14":"product_tag-boxer-nino-fluor","15":"product_tag-boxer-nino-banador-nino-exclusivo-original-swimwear","16":"pa_coleccion-coleccion-tropico","17":"pa_tallas-banadores-448","18":"pa_tallas-banadores-449","19":"pa_tallas-banadores-450","20":"pa_tallas-banadores-451","21":"pa_tallas-banadores-452","23":"first","24":"instock","25":"taxable","26":"shipping-taxable","27":"purchasable","28":"product-type-variable"},"_links":{"self":[{"href":"https:\/\/belenzotano.com\/bz\/wp-json\/wp\/v2\/product\/10004","targetHints":{"allow":["GET"]}}],"collection":[{"href":"https:\/\/belenzotano.com\/bz\/wp-json\/wp\/v2\/product"}],"about":[{"href":"https:\/\/belenzotano.com\/bz\/wp-json\/wp\/v2\/types\/product"}],"replies":[{"embeddable":true,"href":"https:\/\/belenzotano.com\/bz\/wp-json\/wp\/v2\/comments?post=10004"}],"wp:featuredmedia":[{"embeddable":true,"href":"https:\/\/belenzotano.com\/bz\/wp-json\/wp\/v2\/media\/10011"}],"wp:attachment":[{"href":"https:\/\/belenzotano.com\/bz\/wp-json\/wp\/v2\/media?parent=10004"}],"wp:term":[{"taxonomy":"product_brand","embeddable":true,"href":"https:\/\/belenzotano.com\/bz\/wp-json\/wp\/v2\/product_brand?post=10004"},{"taxonomy":"product_cat","embeddable":true,"href":"https:\/\/belenzotano.com\/bz\/wp-json\/wp\/v2\/product_cat?post=10004"},{"taxonomy":"product_tag","embeddable":true,"href":"https:\/\/belenzotano.com\/bz\/wp-json\/wp\/v2\/product_tag?post=10004"}],"curies":[{"name":"wp","href":"https:\/\/api.w.org\/{rel}","templated":true}]}}