{"id":3671,"date":"2019-01-31T11:48:44","date_gmt":"2019-01-31T10:48:44","guid":{"rendered":"https:\/\/belenzotano.com\/bz\/?page_id=3671"},"modified":"2019-01-31T12:05:47","modified_gmt":"2019-01-31T11:05:47","slug":"guia-de-tallas-outlet","status":"publish","type":"page","link":"https:\/\/belenzotano.com\/bz\/guia-de-tallas-outlet\/","title":{"rendered":"Gu\u00eda de Tallas Outlet"},"content":{"rendered":"<h2 style=\"text-align: center;\"><span style=\"color: #8949d3;\"><strong><span style=\"font-family: arial, helvetica, sans-serif;\">TABLA DE MEDIDAS CINTURA OUTLET<\/span><\/strong><\/span><\/h2>\n<h3 style=\"text-align: center;\"><span style=\"font-size: 18pt;\"><strong><span style=\"color: #0070c0; font-family: arial, helvetica, sans-serif;\">Ni\u00f1os<\/span><\/strong><\/span><\/h3>\n<table align=\"center\">\n<tbody>\n<tr>\n<td style=\"text-align: center;\"><span style=\"font-family: 'arial black', sans-serif; font-size: 14pt;\"><span style=\"color: #d72ed1;\">4 A\u00d1OS<\/span><\/span><\/td>\n<td style=\"text-align: center;\"><span style=\"font-family: 'arial black', sans-serif; font-size: 14pt;\"><span style=\"color: #d72ed1;\">6 A\u00d1OS<\/span><\/span><\/td>\n<td style=\"text-align: center;\"><span style=\"font-family: 'arial black', sans-serif; font-size: 14pt;\"><span style=\"color: #d72ed1;\">8 A\u00d1OS<\/span><\/span><\/td>\n<td style=\"text-align: center;\"><span style=\"font-family: 'arial black', sans-serif; font-size: 14pt;\"><span style=\"color: #d72ed1;\">10 A\u00d1OS<\/span><\/span><\/td>\n<td style=\"text-align: center;\"><span style=\"font-family: 'arial black', sans-serif; font-size: 14pt;\"><span style=\"color: #d72ed1;\">12 A\u00d1OS<\/span><\/span><\/td>\n<td style=\"text-align: center;\"><span style=\"font-family: 'arial black', sans-serif; font-size: 14pt;\"><span style=\"color: #d72ed1;\">14 A\u00d1OS<\/span><\/span><\/td>\n<\/tr>\n<tr>\n<td style=\"text-align: center;\"><span style=\"color: #7030a0; font-family: arial, helvetica, sans-serif; font-size: 14pt;\">24 CM<\/span><\/td>\n<td style=\"text-align: center;\"><span style=\"color: #7030a0; font-family: arial, helvetica, sans-serif; font-size: 14pt;\">25.5 CM<\/span><\/td>\n<td style=\"text-align: center;\"><span style=\"color: #7030a0; font-family: arial, helvetica, sans-serif; font-size: 14pt;\">27 CM<\/span><\/td>\n<td style=\"text-align: center;\"><span style=\"color: #7030a0; font-family: arial, helvetica, sans-serif; font-size: 14pt;\">27.5 CM<\/span><\/td>\n<td style=\"text-align: center;\"><span style=\"color: #7030a0; font-family: arial, helvetica, sans-serif; font-size: 14pt;\">28.5 CM<\/span><\/td>\n<td style=\"text-align: center;\"><span style=\"color: #7030a0; font-family: arial, helvetica, sans-serif; font-size: 14pt;\">31 CM<\/span><\/td>\n<\/tr>\n<\/tbody>\n<\/table>\n<p style=\"text-align: center;\"><span style=\"font-size: 18pt;\"><strong><span style=\"color: #0070c0; font-family: arial, helvetica, sans-serif;\">Hombres<\/span><\/strong><\/span><\/p>\n<table align=\"center\">\n<tbody>\n<tr>\n<td style=\"text-align: center;\"><span style=\"font-family: 'arial black', sans-serif; font-size: 14pt;\"><strong><span style=\"color: #d72ed1;\">XS<\/span><\/strong><\/span><\/td>\n<td style=\"text-align: center;\"><span style=\"font-family: 'arial black', sans-serif; font-size: 14pt;\"><strong><span style=\"color: #d72ed1;\">S<\/span><\/strong><\/span><\/td>\n<td style=\"text-align: center;\"><span style=\"font-family: 'arial black', sans-serif; font-size: 14pt;\"><strong><span style=\"color: #d72ed1;\">M<\/span><\/strong><\/span><\/td>\n<td style=\"text-align: center;\"><span style=\"font-family: 'arial black', sans-serif; font-size: 14pt;\"><strong><span style=\"color: #d72ed1;\">L<\/span><\/strong><\/span><\/td>\n<td style=\"text-align: center;\"><span style=\"font-family: 'arial black', sans-serif; font-size: 14pt;\"><strong><span style=\"color: #d72ed1;\">XL<\/span><\/strong><\/span><\/td>\n<td style=\"text-align: center;\"><span style=\"font-family: 'arial black', sans-serif; font-size: 14pt;\"><strong><span style=\"color: #d72ed1;\">XXL<\/span><\/strong><\/span><\/td>\n<\/tr>\n<tr>\n<td style=\"text-align: center;\"><span style=\"color: #7030a0; font-family: arial, helvetica, sans-serif; font-size: 14pt;\">33 CM<\/span><\/td>\n<td style=\"text-align: center;\"><span style=\"color: #7030a0; font-family: arial, helvetica, sans-serif; font-size: 14pt;\">34 CM<\/span><\/td>\n<td style=\"text-align: center;\"><span style=\"color: #7030a0; font-family: arial, helvetica, sans-serif; font-size: 14pt;\">35.5 CM<\/span><\/td>\n<td style=\"text-align: center;\"><span style=\"color: #7030a0; font-family: arial, helvetica, sans-serif; font-size: 14pt;\">37 CM<\/span><\/td>\n<td style=\"text-align: center;\"><span style=\"color: #7030a0; font-family: arial, helvetica, sans-serif; font-size: 14pt;\">38.5 CM<\/span><\/td>\n<td style=\"text-align: center;\"><span style=\"color: #7030a0; font-family: arial, helvetica, sans-serif; font-size: 14pt;\">41 CM<\/span><\/td>\n<\/tr>\n<\/tbody>\n<\/table>\n<p style=\"text-align: center;\"><span style=\"color: #d72ed1; font-family: arial, helvetica, sans-serif;\">Medida de cintura ba\u00f1ador terminado<\/span><\/p>\n<p style=\"text-align: center;\"><span style=\"color: #8949d3; font-family: arial, helvetica, sans-serif;\">(De lado a lado)<\/span><\/p>\n<p style=\"text-align: center;\"><strong><span style=\"font-family: arial, helvetica, sans-serif; color: #8949d3;\">Esta medida es solamente de la zona Outlet, vienen un poco peque\u00f1os de talla.<\/span><\/strong><\/p>\n","protected":false},"excerpt":{"rendered":"<p>TABLA DE MEDIDAS CINTURA OUTLET Ni\u00f1os 4 A\u00d1OS 6 A\u00d1OS 8 A\u00d1OS 10 A\u00d1OS 12 A\u00d1OS 14 A\u00d1OS 24 CM 25.5 CM 27 CM 27.5 CM 28.5 CM 31 CM Hombres XS S M L XL XXL 33 CM 34 CM 35.5 CM 37 CM 38.5 CM 41 CM Medida de cintura ba\u00f1ador terminado (De [&hellip;]<\/p>\n","protected":false},"author":1,"featured_media":0,"parent":0,"menu_order":0,"comment_status":"closed","ping_status":"closed","template":"","meta":{"_joinchat":[],"footnotes":""},"class_list":["post-3671","page","type-page","status-publish","hentry"],"_links":{"self":[{"href":"https:\/\/belenzotano.com\/bz\/wp-json\/wp\/v2\/pages\/3671","targetHints":{"allow":["GET"]}}],"collection":[{"href":"https:\/\/belenzotano.com\/bz\/wp-json\/wp\/v2\/pages"}],"about":[{"href":"https:\/\/belenzotano.com\/bz\/wp-json\/wp\/v2\/types\/page"}],"author":[{"embeddable":true,"href":"https:\/\/belenzotano.com\/bz\/wp-json\/wp\/v2\/users\/1"}],"replies":[{"embeddable":true,"href":"https:\/\/belenzotano.com\/bz\/wp-json\/wp\/v2\/comments?post=3671"}],"version-history":[{"count":0,"href":"https:\/\/belenzotano.com\/bz\/wp-json\/wp\/v2\/pages\/3671\/revisions"}],"wp:attachment":[{"href":"https:\/\/belenzotano.com\/bz\/wp-json\/wp\/v2\/media?parent=3671"}],"curies":[{"name":"wp","href":"https:\/\/api.w.org\/{rel}","templated":true}]}}