{"id":3646,"date":"2019-01-31T10:16:16","date_gmt":"2019-01-31T09:16:16","guid":{"rendered":"https:\/\/belenzotano.com\/bz\/?page_id=3646"},"modified":"2019-04-16T19:36:56","modified_gmt":"2019-04-16T17:36:56","slug":"guia-de-tallas","status":"publish","type":"page","link":"https:\/\/belenzotano.com\/bz\/guia-de-tallas\/","title":{"rendered":"Gu\u00eda de tallas"},"content":{"rendered":"<h2 style=\"text-align: center;\"><span style=\"color: #8949d3;\"><strong><span style=\"font-family: arial, helvetica, sans-serif;\">TABLA DE MEDIDAS CINTURA<\/span><\/strong><\/span><\/h2>\n<h3 style=\"text-align: center;\"><span style=\"font-size: 18pt;\"><strong><span style=\"color: #0070c0; font-family: arial, helvetica, sans-serif;\">Ni\u00f1os<\/span><\/strong><\/span><\/h3>\n<table align=\"center\">\n<tbody>\n<tr>\n<td style=\"text-align: center;\"><span style=\"font-family: 'arial black', sans-serif; font-size: 14pt;\"><span style=\"color: #d72ed1;\">6 A\u00d1OS<\/span><\/span><\/td>\n<td style=\"text-align: center;\"><span style=\"font-family: 'arial black', sans-serif; font-size: 14pt;\"><span style=\"color: #d72ed1;\">8 A\u00d1OS<\/span><\/span><\/td>\n<td style=\"text-align: center;\"><span style=\"font-family: 'arial black', sans-serif; font-size: 14pt;\"><span style=\"color: #d72ed1;\">10 A\u00d1OS<\/span><\/span><\/td>\n<td style=\"text-align: center;\"><span style=\"font-family: 'arial black', sans-serif; font-size: 14pt;\"><span style=\"color: #d72ed1;\">12 A\u00d1OS<\/span><\/span><\/td>\n<td style=\"text-align: center;\"><span style=\"font-family: 'arial black', sans-serif; font-size: 14pt;\"><span style=\"color: #d72ed1;\">14 A\u00d1OS<\/span><\/span><\/td>\n<\/tr>\n<tr>\n<td style=\"text-align: center;\"><span style=\"color: #7030a0; font-family: arial, helvetica, sans-serif; font-size: 14pt;\">27 CM<\/span><\/td>\n<td style=\"text-align: center;\"><span style=\"color: #7030a0; font-family: arial, helvetica, sans-serif; font-size: 14pt;\">28.5 CM<\/span><\/td>\n<td style=\"text-align: center;\"><span style=\"color: #7030a0; font-family: arial, helvetica, sans-serif; font-size: 14pt;\">30 CM<\/span><\/td>\n<td style=\"text-align: center;\"><span style=\"color: #7030a0; font-family: arial, helvetica, sans-serif; font-size: 14pt;\">31.5 CM<\/span><\/td>\n<td style=\"text-align: center;\"><span style=\"color: #7030a0; font-family: arial, helvetica, sans-serif; font-size: 14pt;\">33 CM<\/span><\/td>\n<\/tr>\n<\/tbody>\n<\/table>\n<p style=\"text-align: center;\"><span style=\"font-size: 18pt;\"><strong><span style=\"color: #0070c0; font-family: arial, helvetica, sans-serif;\">Hombres<\/span><\/strong><\/span><\/p>\n<table align=\"center\">\n<tbody>\n<tr>\n<td style=\"text-align: center;\"><\/td>\n<td style=\"text-align: center;\"><span style=\"font-family: 'arial black', sans-serif; font-size: 14pt;\"><strong><span style=\"color: #d72ed1;\">S<\/span><\/strong><\/span><\/td>\n<td style=\"text-align: center;\"><span style=\"font-family: 'arial black', sans-serif; font-size: 14pt;\"><strong><span style=\"color: #d72ed1;\">M<\/span><\/strong><\/span><\/td>\n<td style=\"text-align: center;\"><span style=\"font-family: 'arial black', sans-serif; font-size: 14pt;\"><strong><span style=\"color: #d72ed1;\">L<\/span><\/strong><\/span><\/td>\n<td style=\"text-align: center;\"><span style=\"font-family: 'arial black', sans-serif; font-size: 14pt;\"><strong><span style=\"color: #d72ed1;\">XL<\/span><\/strong><\/span><\/td>\n<td style=\"text-align: center;\"><span style=\"font-family: 'arial black', sans-serif; font-size: 14pt;\"><strong><span style=\"color: #d72ed1;\">XXL<\/span><\/strong><\/span><\/td>\n<\/tr>\n<tr>\n<td style=\"text-align: center;\"><\/td>\n<td style=\"text-align: center;\"><span style=\"color: #7030a0; font-family: arial, helvetica, sans-serif; font-size: 14pt;\">35.5 CM<\/span><\/td>\n<td style=\"text-align: center;\"><span style=\"color: #7030a0; font-family: arial, helvetica, sans-serif; font-size: 14pt;\">36.5 CM<\/span><\/td>\n<td style=\"text-align: center;\"><span style=\"color: #7030a0; font-family: arial, helvetica, sans-serif; font-size: 14pt;\">38 CM<\/span><\/td>\n<td style=\"text-align: center;\"><span style=\"color: #7030a0; font-family: arial, helvetica, sans-serif; font-size: 14pt;\">39.5 CM<\/span><\/td>\n<td style=\"text-align: center;\"><span style=\"color: #7030a0; font-family: arial, helvetica, sans-serif; font-size: 14pt;\">41 CM<\/span><\/td>\n<\/tr>\n<\/tbody>\n<\/table>\n<p style=\"text-align: center;\"><span style=\"color: #d72ed1; font-family: arial, helvetica, sans-serif;\">Medida de cintura ba\u00f1ador terminado<\/span><\/p>\n<p style=\"text-align: center;\"><span style=\"color: #8949d3; font-family: arial, helvetica, sans-serif;\">(De lado a lado)<\/span><\/p>\n","protected":false},"excerpt":{"rendered":"<p>TABLA DE MEDIDAS CINTURA Ni\u00f1os 6 A\u00d1OS 8 A\u00d1OS 10 A\u00d1OS 12 A\u00d1OS 14 A\u00d1OS 27 CM 28.5 CM 30 CM 31.5 CM 33 CM Hombres S M L XL XXL 35.5 CM 36.5 CM 38 CM 39.5 CM 41 CM Medida de cintura ba\u00f1ador terminado (De lado a lado)<\/p>\n","protected":false},"author":1,"featured_media":0,"parent":0,"menu_order":0,"comment_status":"closed","ping_status":"closed","template":"","meta":{"_joinchat":[],"footnotes":""},"class_list":["post-3646","page","type-page","status-publish","hentry"],"_links":{"self":[{"href":"https:\/\/belenzotano.com\/bz\/wp-json\/wp\/v2\/pages\/3646","targetHints":{"allow":["GET"]}}],"collection":[{"href":"https:\/\/belenzotano.com\/bz\/wp-json\/wp\/v2\/pages"}],"about":[{"href":"https:\/\/belenzotano.com\/bz\/wp-json\/wp\/v2\/types\/page"}],"author":[{"embeddable":true,"href":"https:\/\/belenzotano.com\/bz\/wp-json\/wp\/v2\/users\/1"}],"replies":[{"embeddable":true,"href":"https:\/\/belenzotano.com\/bz\/wp-json\/wp\/v2\/comments?post=3646"}],"version-history":[{"count":0,"href":"https:\/\/belenzotano.com\/bz\/wp-json\/wp\/v2\/pages\/3646\/revisions"}],"wp:attachment":[{"href":"https:\/\/belenzotano.com\/bz\/wp-json\/wp\/v2\/media?parent=3646"}],"curies":[{"name":"wp","href":"https:\/\/api.w.org\/{rel}","templated":true}]}}