{"id":160,"date":"2017-06-12T09:55:51","date_gmt":"2017-06-12T09:55:51","guid":{"rendered":"http:\/\/belenzotano.com\/bz\/?page_id=160"},"modified":"2023-05-22T22:11:32","modified_gmt":"2023-05-22T20:11:32","slug":"legal","status":"publish","type":"page","link":"https:\/\/belenzotano.com\/bz\/legal\/","title":{"rendered":"Legal"},"content":{"rendered":"<header class=\"entry-header\">\n<p class=\"entry-title\"><strong>Datos identificativos y Objeto<\/strong><\/p>\n<\/header>\n<div class=\"entry-content\">\n<p style=\"text-align: justify;\">El presente documento tiene por objeto establecer las Condiciones Generales de Uso y Pol\u00edtica de Privacidad del presente sitio web (www.belenzotano.com) titularidad de Bel\u00e9n Zotano, con domicilio en C\/ Federico Mompou s\/n, 29620, Torremolinos, M\u00e1laga con NIF 25716083J.<br \/>\nBelen Zotano\u00a0se reserva el derecho a modificar las presentes Condiciones Generales de Uso y Pol\u00edtica de Privacidad con el objeto de adecuarlas a la legislaci\u00f3n vigente aplicable en cada momento, las novedades en jurisprudencia\u00a0y las pr\u00e1cticas habituales de mercado. La utilizaci\u00f3n por parte del Usuario de cualquiera de los servicios del presente sitio web supone y expresa su adhesi\u00f3n y aceptaci\u00f3n expresa a todas las Condiciones Generales de Uso y Pol\u00edtica de Privacidad en la versi\u00f3n publicada en la presente sitio web en el momento en que el usuario acceda al mismo.<\/p>\n<p><strong>Propiedad Intelectual y uso de los contenidos<\/strong><\/p>\n<p style=\"text-align: justify;\">El sitio web belenzotano.com, incluyendo a t\u00edtulo enunciativo pero no limitativo su programaci\u00f3n, edici\u00f3n, compilaci\u00f3n y dem\u00e1s elementos necesarios para su funcionamiento, los dise\u00f1os, logotipos, texto y\/o gr\u00e1ficos son propiedad del prestador o en su caso dispone de licencia o autorizaci\u00f3n expresa por parte de los autores.<br \/>\nbelenzotano.com, s\u00f3lo otorga al usuario una licencia Creative Commons Reconocimiento-NoComercial-CompartirIgual 3.0 cuyos t\u00e9rminos exactos se pueden consultar en <a href=\"http:\/\/creativecommons.org\/licenses\/by-nc-sa\/3.0\/es\/\">este enlace<\/a>, en los contenidos que as\u00ed se indique de forma expresa al pie de la publicaci\u00f3n, entendi\u00e9ndose por tanto que de no referenciarse, los contenidos son con todos los derechos reservado.<br \/>\nCualquier uso no autorizado previamente por parte del prestador ser\u00e1 considerado un incumplimiento grave de los derechos de propiedad intelectual o industrial del autor. Los dise\u00f1os, logotipos, texto y\/o gr\u00e1ficos ajenos al prestador y que pudieran aparecer en el sitio web, pertenecen a sus respectivos propietarios, siendo ellos mismos responsables de cualquier posible controversia que pudiera suscitarse respecto a los mismos.<\/p>\n<p><strong>Protecci\u00f3n de datos personales<\/strong><\/p>\n<p style=\"text-align: justify;\">belenzotano.com cumple con la normativa espa\u00f1ola de protecci\u00f3n de datos de car\u00e1cter personal, y garantiza el cumplimiento \u00edntegro de las obligaciones dispuestas la Ley Org\u00e1nica 15\/1999, de 13 de diciembre, de Protecci\u00f3n de Datos de Car\u00e1cter Personal (LOPD), el Real Decreto 1720\/2007, de 21 de diciembre, por el que se aprueba el Reglamento de desarrollo de la LOPD y dem\u00e1s normativa vigente en cada momento, y vela por garantizar un correcto uso y tratamiento de los datos personales del usuario.<\/p>\n<p><strong>Pol\u00edtica anti-spam<\/strong><\/p>\n<p style=\"text-align: justify;\">belenzotano.com se declara completamente en contra del env\u00edo de comunicaciones comerciales no solicitadas y a cualquier tipo de conducta o manifestaci\u00f3n conocida como \u201cspam\u201d, asimismo se declara comprometido con la lucha contra este tipo de pr\u00e1cticas abusivas.<br \/>\nPor tanto, belenzotano.com garantiza al usuario a que bajo ning\u00fan concepto los datos personales recogidos en el sitio web ser\u00e1n cedidos, compartidos, transferidos, ni vendidos a ning\u00fan tercero.<br \/>\nPor las mismas razones, el proceso de registro no debe ser utilizado para inscribir direcciones de correo de personas ajenas sin el consentimiento expreso de las personas afectadas. En el caso de que aun as\u00ed un usuario reciba comunicaciones de este sitio web sin haberse registrado, o sin haber dado su consentimiento expreso a dicho registro, puede cancelar la suscripci\u00f3n desde los enlaces que se proporcionan en la propia comunicaci\u00f3n.<br \/>\nAdem\u00e1s, el usuario puede ponerse en contacto con belenzotano.com,\u00a0a trav\u00e9s del formulario de contacto que se mantiene en el sitio web, tanto para comunicar lo sucedido como para solicitar la eliminaci\u00f3n inmediata de sus datos de nuestro sistema.<\/p>\n<p><strong>Consentimiento al tratamiento de los datos personales del usuario<\/strong><\/p>\n<p style=\"text-align: justify;\">En el marco de sus actividades, belenzotano.com, dispondr\u00e1 en el futuro\u00a0de la posibilidad de registro de usuarios para el env\u00edo de comunicaciones electr\u00f3nicas incluyendo boletines (newsletters), nuevas entradas (posts), y otros servicios.<\/p>\n<p style=\"text-align: justify;\">Cuando el usuario realice\u00a0los actos de suscripci\u00f3n al blog, la realizaci\u00f3n comentarios o el formulario de contacto estar\u00e1 dando su consentimiento expreso al tratamiento de los personales proporcionados seg\u00fan lo dispuesto en el art\u00edculo 6 de la LOPD. El usuario podr\u00e1 ejercer sus derechos en los t\u00e9rminos dispuestos por el art\u00edculo 5 de la LOPD.<\/p>\n<p style=\"text-align: justify;\">Los datos de car\u00e1cter personal solicitados en estas actividades, quedar\u00e1n incorporados a un fichero cuya finalidad es la comunicaci\u00f3n de novedades relativas al sitio web de belenzotano.com, boletines (newsletters), nuevas entradas (posts), y otras promociones, actuando como responsable del fichero belenzotano.com. Los campos marcados con asterisco son de cumplimentaci\u00f3n obligatoria, siendo imposible realizar la finalidad expresada si no se aportan estos datos. Queda igualmente informado de la posibilidad de ejercitar los derechos que se indican en el apartado relativo a los Derechos del usuario.<\/p>\n<p><strong>Derechos del usuario<\/strong><\/p>\n<p style=\"text-align: justify;\">De conformidad con lo establecido en el art\u00edculo 5 de la LOPD, se informa al usuario que la finalidad exclusiva de la base de datos de registro es el env\u00edo de informaci\u00f3n sobre novedades relacionadas con el sitio web belenzotano.com, informar de cursos y realizar promociones. \u00danicamente los titulares tendr\u00e1n acceso a sus datos, y bajo ning\u00fan concepto, estos datos ser\u00e1n cedidos, compartidos, transferidos, ni vendidos a ning\u00fan tercero.<br \/>\nDe acuerdo con lo dispuesto en la LOPD, el usuario en cualquier momento podr\u00e1 ejercitar sus derechos de acceso, rectificaci\u00f3n, cancelaci\u00f3n y oposici\u00f3n ante belenzotano.com.<br \/>\nPara facilitar el ejercicio de estos derechos se facilita en todas las comunicaciones un enlace de solicitud de baja que redundar\u00e1 en la eliminaci\u00f3n inmediata de los datos personales del usuario de nuestra base de datos.<\/p>\n<p><strong>Cookies<\/strong><\/p>\n<p style=\"text-align: justify;\">El acceso a este puede implicar la utilizaci\u00f3n de cookies. Una cookie es un fichero que se descarga en tu ordenador o terminal al acceder a nuestra p\u00e1gina web. Las cookies nos permiten, entre otras cosas, almacenar y recuperar informaci\u00f3n sobre los h\u00e1bitos de navegaci\u00f3n de un usuario o de su equipo y, dependiendo de la informaci\u00f3n que contengan y de la forma en que utilice su equipo, pueden utilizarse para reconocer al usuario.<br \/>\nNuestra p\u00e1gina utiliza cookies de Google Analytics para medir la interacci\u00f3n del usuario con la p\u00e1gina web. Esta Cookie est\u00e1 desarrollada por Google y nos permite conocer qu\u00e9 hace un usuario en nuestra web y mejorarla en consecuencia.<br \/>\nAquellos usuarios que no deseen recibir cookies o quieran ser informados antes de que se almacenen en su ordenador, pueden configurar su navegador a tal efecto.<\/p>\n<p style=\"text-align: justify;\">-Para m\u00e1s informaci\u00f3n sobre el navegador Chrome desde aqu\u00ed: <a href=\"http:\/\/support.google.com\/chrome\/answer\/95647?hl=es\">Google Chrome<\/a><br \/>\n-Para m\u00e1s informaci\u00f3n sobre el navegador Firefox desde aqu\u00ed: <a href=\"http:\/\/support.mozilla.org\/es\/kb\/cookies-informacion-que-los-sitios-web-guardan-en-\">Mozilla Firefox<\/a><br \/>\n-Para m\u00e1s informaci\u00f3n sobre el navegador Safari desde aqu\u00ed: <a href=\"http:\/\/support.apple.com\/kb\/HT1677?viewlocale=es_ES&amp;locale=es_ES\">Safari<\/a><br \/>\n-Para m\u00e1s informaci\u00f3n sobre el navegador Explorer desde aqu\u00ed: <a href=\"http:\/\/windows.microsoft.com\/en-us\/internet-explorer\/delete-manage-cookies#ie=ie-11\">Internet Explorer<\/a><br \/>\n-Para m\u00e1s informaci\u00f3n sobre el navegador Opera: <a href=\"http:\/\/help.opera.com\/Mac\/12.10\/en\/cookies.html%22\">Opera<\/a><\/p>\n<p><strong>Ley Aplicable y Jurisdicci\u00f3n<\/strong><\/p>\n<p>Para la resoluci\u00f3n de todas las controversias o cuestiones relacionadas con el presente sitio web o de las actividades en \u00e9l desarrolladas, ser\u00e1 de aplicaci\u00f3n la legislaci\u00f3n espa\u00f1ola.<\/p>\n<\/div>\n","protected":false},"excerpt":{"rendered":"<p>Datos identificativos y Objeto El presente documento tiene por objeto establecer las Condiciones Generales de Uso y Pol\u00edtica de Privacidad del presente sitio web (www.belenzotano.com) titularidad de Bel\u00e9n Zotano, con domicilio en C\/ Federico Mompou s\/n, 29620, Torremolinos, M\u00e1laga con NIF 25716083J. Belen Zotano\u00a0se reserva el derecho a modificar las presentes Condiciones Generales de Uso [&hellip;]<\/p>\n","protected":false},"author":1,"featured_media":0,"parent":0,"menu_order":0,"comment_status":"closed","ping_status":"closed","template":"","meta":{"_joinchat":[],"footnotes":""},"class_list":["post-160","page","type-page","status-publish","hentry"],"_links":{"self":[{"href":"https:\/\/belenzotano.com\/bz\/wp-json\/wp\/v2\/pages\/160","targetHints":{"allow":["GET"]}}],"collection":[{"href":"https:\/\/belenzotano.com\/bz\/wp-json\/wp\/v2\/pages"}],"about":[{"href":"https:\/\/belenzotano.com\/bz\/wp-json\/wp\/v2\/types\/page"}],"author":[{"embeddable":true,"href":"https:\/\/belenzotano.com\/bz\/wp-json\/wp\/v2\/users\/1"}],"replies":[{"embeddable":true,"href":"https:\/\/belenzotano.com\/bz\/wp-json\/wp\/v2\/comments?post=160"}],"version-history":[{"count":0,"href":"https:\/\/belenzotano.com\/bz\/wp-json\/wp\/v2\/pages\/160\/revisions"}],"wp:attachment":[{"href":"https:\/\/belenzotano.com\/bz\/wp-json\/wp\/v2\/media?parent=160"}],"curies":[{"name":"wp","href":"https:\/\/api.w.org\/{rel}","templated":true}]}}